{"id":524,"date":"2023-04-25T17:57:43","date_gmt":"2023-04-25T21:57:43","guid":{"rendered":"https:\/\/creations-interieures.com\/?page_id=524"},"modified":"2024-08-27T00:42:46","modified_gmt":"2024-08-27T04:42:46","slug":"commercial-design","status":"publish","type":"page","link":"https:\/\/creations-interieures.com\/en\/commercial-design\/","title":{"rendered":"Commercial Design"},"content":{"rendered":"<p><div class=\"fusion-fullwidth fullwidth-box fusion-builder-row-1 fusion-flex-container has-pattern-background has-mask-background nonhundred-percent-fullwidth non-hundred-percent-height-scrolling\" style=\"--awb-border-radius-top-left:0px;--awb-border-radius-top-right:0px;--awb-border-radius-bottom-right:0px;--awb-border-radius-bottom-left:0px;--awb-margin-top:41px;--awb-flex-wrap:wrap;\" ><div class=\"fusion-builder-row fusion-row fusion-flex-align-items-flex-start fusion-flex-justify-content-center fusion-flex-content-wrap\" style=\"max-width:1664px;margin-left: calc(-4% \/ 2 );margin-right: calc(-4% \/ 2 );\"><div class=\"fusion-layout-column fusion_builder_column fusion-builder-column-0 fusion_builder_column_3_5 3_5 fusion-flex-column\" style=\"--awb-bg-size:cover;--awb-width-large:60%;--awb-margin-top-large:0px;--awb-spacing-right-large:3.2%;--awb-margin-bottom-large:20px;--awb-spacing-left-large:3.2%;--awb-width-medium:60%;--awb-order-medium:0;--awb-spacing-right-medium:3.2%;--awb-spacing-left-medium:3.2%;--awb-width-small:100%;--awb-order-small:0;--awb-spacing-right-small:1.92%;--awb-spacing-left-small:1.92%;\"><div class=\"fusion-column-wrapper fusion-column-has-shadow fusion-flex-justify-content-flex-start fusion-content-layout-column\"><div class=\"fusion-text fusion-text-1\"><p style=\"text-align: center; \">Your business is important to you, and your premises deserve to be the perfect place for your team! At Cr\u00e9ations Int\u00e9rieures, we&rsquo;ll work with you to create functional and aesthetic spaces for your offices, restaurants, hotels, stores and other commercial spaces. In the Montreal, Laval and Laurentians regions, we can design complete sets of plans, or simply guide you through your project choices! Our on-site experience and excellent communication with our partners will make your experience with us simple, efficient and enjoyable.<\/p>\n<p style=\"text-align: center; \">We&rsquo;re with you every step of the way, ensuring that every detail is perfectly executed.<\/p>\n<\/div><div class=\"fusion-text fusion-text-2\"><p style=\"text-align: center; \"><b>3D modeling<\/b><\/p>\n<p style=\"text-align: center; \">Sometimes it&rsquo;s hard to imagine yourself in your own space. Marie-Pier and her team offer a 3D modeling service to help you see the final, realistic product of your project.<\/p>\n<p style=\"text-align: center; \">This way, you can see if your project meets your expectations. Your business is important to you, and your premises deserve to be the perfect place for your team!<\/p>\n<\/div><div class=\"fusion-image-carousel fusion-image-carousel-fixed fusion-image-carousel-1 fusion-carousel-border\"><div class=\"awb-carousel awb-swiper awb-swiper-carousel\" data-autoplay=\"yes\" data-columns=\"5\" data-itemmargin=\"13\" data-itemwidth=\"180\" data-touchscroll=\"no\" data-imagesize=\"fixed\"><div class=\"swiper-wrapper awb-image-carousel-wrapper fusion-flex-align-items-center\"><div class=\"swiper-slide\"><div class=\"fusion-carousel-item-wrapper\"><div class=\"fusion-image-wrapper hover-type-none\"><img decoding=\"async\" width=\"320\" height=\"202\" src=\"data:image\/svg+xml,%3Csvg%20xmlns%3D%27http%3A%2F%2Fwww.w3.org%2F2000%2Fsvg%27%20width%3D%271550%27%20height%3D%27872%27%20viewBox%3D%270%200%201550%20872%27%3E%3Crect%20width%3D%271550%27%20height%3D%27872%27%20fill-opacity%3D%220%22%2F%3E%3C%2Fsvg%3E\" class=\"attachment-blog-medium size-blog-medium lazyload\" alt=\"\" data-orig-src=\"https:\/\/creations-interieures.com\/en\/wp-content\/uploads\/2022\/01\/Enscape_2024-04-04-15-44-04-320x202.png\" \/><\/div><\/div><\/div><div class=\"swiper-slide\"><div class=\"fusion-carousel-item-wrapper\"><div class=\"fusion-image-wrapper hover-type-none\"><img decoding=\"async\" width=\"320\" height=\"443\" src=\"https:\/\/creations-interieures.com\/en\/wp-content\/uploads\/2024\/06\/Photo-2023-08-23-09-39-21-320x443.jpg\" class=\"attachment-blog-medium size-blog-medium lazyload\" alt=\"\" srcset=\"data:image\/svg+xml,%3Csvg%20xmlns%3D%27http%3A%2F%2Fwww.w3.org%2F2000%2Fsvg%27%20width%3D%271156%27%20height%3D%271600%27%20viewBox%3D%270%200%201156%201600%27%3E%3Crect%20width%3D%271156%27%20height%3D%271600%27%20fill-opacity%3D%220%22%2F%3E%3C%2Fsvg%3E\" data-orig-src=\"https:\/\/creations-interieures.com\/en\/wp-content\/uploads\/2024\/06\/Photo-2023-08-23-09-39-21-320x443.jpg\" data-srcset=\"https:\/\/creations-interieures.com\/en\/wp-content\/uploads\/2024\/06\/Photo-2023-08-23-09-39-21-200x277.jpg 200w, https:\/\/creations-interieures.com\/en\/wp-content\/uploads\/2024\/06\/Photo-2023-08-23-09-39-21-400x554.jpg 400w, https:\/\/creations-interieures.com\/en\/wp-content\/uploads\/2024\/06\/Photo-2023-08-23-09-39-21-600x831.jpg 600w, https:\/\/creations-interieures.com\/en\/wp-content\/uploads\/2024\/06\/Photo-2023-08-23-09-39-21-800x1108.jpg 800w, https:\/\/creations-interieures.com\/en\/wp-content\/uploads\/2024\/06\/Photo-2023-08-23-09-39-21-scaled.jpg 1156w, https:\/\/creations-interieures.com\/en\/wp-content\/uploads\/2024\/06\/Photo-2023-08-23-09-39-21-1200x1661.jpg 1200w\" data-sizes=\"auto\" \/><\/div><\/div><\/div><div class=\"swiper-slide\"><div class=\"fusion-carousel-item-wrapper\"><div class=\"fusion-image-wrapper hover-type-none\"><img decoding=\"async\" width=\"320\" height=\"425\" src=\"https:\/\/creations-interieures.com\/en\/wp-content\/uploads\/2024\/06\/MPDesign_VCE24-48-320x425.jpg\" class=\"attachment-blog-medium size-blog-medium lazyload\" alt=\"\" srcset=\"data:image\/svg+xml,%3Csvg%20xmlns%3D%27http%3A%2F%2Fwww.w3.org%2F2000%2Fsvg%27%20width%3D%271205%27%20height%3D%271600%27%20viewBox%3D%270%200%201205%201600%27%3E%3Crect%20width%3D%271205%27%20height%3D%271600%27%20fill-opacity%3D%220%22%2F%3E%3C%2Fsvg%3E\" data-orig-src=\"https:\/\/creations-interieures.com\/en\/wp-content\/uploads\/2024\/06\/MPDesign_VCE24-48-320x425.jpg\" data-srcset=\"https:\/\/creations-interieures.com\/en\/wp-content\/uploads\/2024\/06\/MPDesign_VCE24-48-200x266.jpg 200w, https:\/\/creations-interieures.com\/en\/wp-content\/uploads\/2024\/06\/MPDesign_VCE24-48-400x531.jpg 400w, https:\/\/creations-interieures.com\/en\/wp-content\/uploads\/2024\/06\/MPDesign_VCE24-48-600x797.jpg 600w, https:\/\/creations-interieures.com\/en\/wp-content\/uploads\/2024\/06\/MPDesign_VCE24-48-800x1063.jpg 800w, https:\/\/creations-interieures.com\/en\/wp-content\/uploads\/2024\/06\/MPDesign_VCE24-48-1200x1594.jpg 1200w, https:\/\/creations-interieures.com\/en\/wp-content\/uploads\/2024\/06\/MPDesign_VCE24-48-scaled.jpg 1205w\" data-sizes=\"auto\" \/><\/div><\/div><\/div><div class=\"swiper-slide\"><div class=\"fusion-carousel-item-wrapper\"><div class=\"fusion-image-wrapper hover-type-none\"><img decoding=\"async\" width=\"320\" height=\"444\" src=\"https:\/\/creations-interieures.com\/en\/wp-content\/uploads\/2024\/06\/Photo-2023-08-23-09-53-25-320x444.jpg\" class=\"attachment-blog-medium size-blog-medium lazyload\" alt=\"\" srcset=\"data:image\/svg+xml,%3Csvg%20xmlns%3D%27http%3A%2F%2Fwww.w3.org%2F2000%2Fsvg%27%20width%3D%271154%27%20height%3D%271600%27%20viewBox%3D%270%200%201154%201600%27%3E%3Crect%20width%3D%271154%27%20height%3D%271600%27%20fill-opacity%3D%220%22%2F%3E%3C%2Fsvg%3E\" data-orig-src=\"https:\/\/creations-interieures.com\/en\/wp-content\/uploads\/2024\/06\/Photo-2023-08-23-09-53-25-320x444.jpg\" data-srcset=\"https:\/\/creations-interieures.com\/en\/wp-content\/uploads\/2024\/06\/Photo-2023-08-23-09-53-25-200x277.jpg 200w, https:\/\/creations-interieures.com\/en\/wp-content\/uploads\/2024\/06\/Photo-2023-08-23-09-53-25-400x555.jpg 400w, https:\/\/creations-interieures.com\/en\/wp-content\/uploads\/2024\/06\/Photo-2023-08-23-09-53-25-600x832.jpg 600w, https:\/\/creations-interieures.com\/en\/wp-content\/uploads\/2024\/06\/Photo-2023-08-23-09-53-25-800x1109.jpg 800w, https:\/\/creations-interieures.com\/en\/wp-content\/uploads\/2024\/06\/Photo-2023-08-23-09-53-25-scaled.jpg 1154w, https:\/\/creations-interieures.com\/en\/wp-content\/uploads\/2024\/06\/Photo-2023-08-23-09-53-25-1200x1664.jpg 1200w\" data-sizes=\"auto\" \/><\/div><\/div><\/div><div class=\"swiper-slide\"><div class=\"fusion-carousel-item-wrapper\"><div class=\"fusion-image-wrapper hover-type-none\"><img decoding=\"async\" width=\"320\" height=\"488\" src=\"https:\/\/creations-interieures.com\/en\/wp-content\/uploads\/2024\/06\/MPDesign_VCE24-36-320x488.jpg\" class=\"attachment-blog-medium size-blog-medium lazyload\" alt=\"\" srcset=\"data:image\/svg+xml,%3Csvg%20xmlns%3D%27http%3A%2F%2Fwww.w3.org%2F2000%2Fsvg%27%20width%3D%271049%27%20height%3D%271600%27%20viewBox%3D%270%200%201049%201600%27%3E%3Crect%20width%3D%271049%27%20height%3D%271600%27%20fill-opacity%3D%220%22%2F%3E%3C%2Fsvg%3E\" data-orig-src=\"https:\/\/creations-interieures.com\/en\/wp-content\/uploads\/2024\/06\/MPDesign_VCE24-36-320x488.jpg\" data-srcset=\"https:\/\/creations-interieures.com\/en\/wp-content\/uploads\/2024\/06\/MPDesign_VCE24-36-200x305.jpg 200w, https:\/\/creations-interieures.com\/en\/wp-content\/uploads\/2024\/06\/MPDesign_VCE24-36-400x610.jpg 400w, https:\/\/creations-interieures.com\/en\/wp-content\/uploads\/2024\/06\/MPDesign_VCE24-36-600x915.jpg 600w, https:\/\/creations-interieures.com\/en\/wp-content\/uploads\/2024\/06\/MPDesign_VCE24-36-800x1220.jpg 800w, https:\/\/creations-interieures.com\/en\/wp-content\/uploads\/2024\/06\/MPDesign_VCE24-36-scaled.jpg 1049w, https:\/\/creations-interieures.com\/en\/wp-content\/uploads\/2024\/06\/MPDesign_VCE24-36-1200x1830.jpg 1200w\" data-sizes=\"auto\" \/><\/div><\/div><\/div><div class=\"swiper-slide\"><div class=\"fusion-carousel-item-wrapper\"><div class=\"fusion-image-wrapper hover-type-none\"><img decoding=\"async\" width=\"320\" height=\"375\" src=\"https:\/\/creations-interieures.com\/en\/wp-content\/uploads\/2024\/06\/Photo-2023-08-23-09-49-59-320x375.jpg\" class=\"attachment-blog-medium size-blog-medium lazyload\" alt=\"\" srcset=\"data:image\/svg+xml,%3Csvg%20xmlns%3D%27http%3A%2F%2Fwww.w3.org%2F2000%2Fsvg%27%20width%3D%271367%27%20height%3D%271600%27%20viewBox%3D%270%200%201367%201600%27%3E%3Crect%20width%3D%271367%27%20height%3D%271600%27%20fill-opacity%3D%220%22%2F%3E%3C%2Fsvg%3E\" data-orig-src=\"https:\/\/creations-interieures.com\/en\/wp-content\/uploads\/2024\/06\/Photo-2023-08-23-09-49-59-320x375.jpg\" data-srcset=\"https:\/\/creations-interieures.com\/en\/wp-content\/uploads\/2024\/06\/Photo-2023-08-23-09-49-59-200x234.jpg 200w, https:\/\/creations-interieures.com\/en\/wp-content\/uploads\/2024\/06\/Photo-2023-08-23-09-49-59-400x468.jpg 400w, https:\/\/creations-interieures.com\/en\/wp-content\/uploads\/2024\/06\/Photo-2023-08-23-09-49-59-600x702.jpg 600w, https:\/\/creations-interieures.com\/en\/wp-content\/uploads\/2024\/06\/Photo-2023-08-23-09-49-59-800x937.jpg 800w, https:\/\/creations-interieures.com\/en\/wp-content\/uploads\/2024\/06\/Photo-2023-08-23-09-49-59-1200x1405.jpg 1200w, https:\/\/creations-interieures.com\/en\/wp-content\/uploads\/2024\/06\/Photo-2023-08-23-09-49-59-scaled.jpg 1367w\" data-sizes=\"auto\" \/><\/div><\/div><\/div><div class=\"swiper-slide\"><div class=\"fusion-carousel-item-wrapper\"><div class=\"fusion-image-wrapper hover-type-none\"><img decoding=\"async\" width=\"320\" height=\"320\" src=\"https:\/\/creations-interieures.com\/en\/wp-content\/uploads\/2024\/06\/Creation-sans-titre-19-320x320.png\" class=\"attachment-blog-medium size-blog-medium lazyload\" alt=\"\" srcset=\"data:image\/svg+xml,%3Csvg%20xmlns%3D%27http%3A%2F%2Fwww.w3.org%2F2000%2Fsvg%27%20width%3D%271080%27%20height%3D%271080%27%20viewBox%3D%270%200%201080%201080%27%3E%3Crect%20width%3D%271080%27%20height%3D%271080%27%20fill-opacity%3D%220%22%2F%3E%3C%2Fsvg%3E\" data-orig-src=\"https:\/\/creations-interieures.com\/en\/wp-content\/uploads\/2024\/06\/Creation-sans-titre-19-320x320.png\" data-srcset=\"https:\/\/creations-interieures.com\/en\/wp-content\/uploads\/2024\/06\/Creation-sans-titre-19-200x200.png 200w, https:\/\/creations-interieures.com\/en\/wp-content\/uploads\/2024\/06\/Creation-sans-titre-19-400x400.png 400w, https:\/\/creations-interieures.com\/en\/wp-content\/uploads\/2024\/06\/Creation-sans-titre-19-600x600.png 600w, https:\/\/creations-interieures.com\/en\/wp-content\/uploads\/2024\/06\/Creation-sans-titre-19-800x800.png 800w, https:\/\/creations-interieures.com\/en\/wp-content\/uploads\/2024\/06\/Creation-sans-titre-19.png 1080w\" data-sizes=\"auto\" \/><\/div><\/div><\/div><div class=\"swiper-slide\"><div class=\"fusion-carousel-item-wrapper\"><div class=\"fusion-image-wrapper hover-type-none\"><img class=\"lazyload\" decoding=\"async\" src=\"data:image\/gif;base64,R0lGODlhAQABAAAAACH5BAEKAAEALAAAAAABAAEAAAICTAEAOw==\" data-orig-src=\"\" alt=\"\"\/><\/div><\/div><\/div><\/div><div class=\"awb-swiper-button awb-swiper-button-prev\"><i class=\"awb-icon-angle-left\" aria-hidden=\"true\"><\/i><\/div><div class=\"awb-swiper-button awb-swiper-button-next\"><i class=\"awb-icon-angle-right\" aria-hidden=\"true\"><\/i><\/div><\/div><\/div><\/div><\/div><\/div><\/div><div class=\"fusion-fullwidth fullwidth-box fusion-builder-row-2 fusion-flex-container has-pattern-background has-mask-background nonhundred-percent-fullwidth non-hundred-percent-height-scrolling\" style=\"--awb-border-radius-top-left:0px;--awb-border-radius-top-right:0px;--awb-border-radius-bottom-right:0px;--awb-border-radius-bottom-left:0px;--awb-margin-top:41px;--awb-flex-wrap:wrap;\" ><div class=\"fusion-builder-row fusion-row fusion-flex-align-items-flex-start fusion-flex-justify-content-center fusion-flex-content-wrap\" style=\"max-width:1664px;margin-left: calc(-4% \/ 2 );margin-right: calc(-4% \/ 2 );\"><div class=\"fusion-layout-column fusion_builder_column fusion-builder-column-1 fusion_builder_column_1_1 1_1 fusion-flex-column\" style=\"--awb-bg-size:cover;--awb-width-large:100%;--awb-margin-top-large:0px;--awb-spacing-right-large:1.92%;--awb-margin-bottom-large:20px;--awb-spacing-left-large:1.92%;--awb-width-medium:100%;--awb-order-medium:0;--awb-spacing-right-medium:1.92%;--awb-spacing-left-medium:1.92%;--awb-width-small:100%;--awb-order-small:0;--awb-spacing-right-small:1.92%;--awb-spacing-left-small:1.92%;\"><div class=\"fusion-column-wrapper fusion-column-has-shadow fusion-flex-justify-content-flex-start fusion-content-layout-column\"><div class=\"fusion-image-element \" style=\"text-align:center;--awb-caption-title-font-family:var(--h2_typography-font-family);--awb-caption-title-font-weight:var(--h2_typography-font-weight);--awb-caption-title-font-style:var(--h2_typography-font-style);--awb-caption-title-size:var(--h2_typography-font-size);--awb-caption-title-transform:var(--h2_typography-text-transform);--awb-caption-title-line-height:var(--h2_typography-line-height);--awb-caption-title-letter-spacing:var(--h2_typography-letter-spacing);\"><span class=\" fusion-imageframe imageframe-none imageframe-1 hover-type-none\"><img decoding=\"async\" width=\"1200\" height=\"675\" title=\"commercial\" src=\"https:\/\/creations-interieures.com\/en\/wp-content\/uploads\/2023\/05\/commercial.jpg\" data-orig-src=\"https:\/\/creations-interieures.com\/wp-content\/uploads\/2023\/05\/commercial.jpg\" alt class=\"lazyload img-responsive wp-image-586\" srcset=\"data:image\/svg+xml,%3Csvg%20xmlns%3D%27http%3A%2F%2Fwww.w3.org%2F2000%2Fsvg%27%20width%3D%271200%27%20height%3D%27675%27%20viewBox%3D%270%200%201200%20675%27%3E%3Crect%20width%3D%271200%27%20height%3D%27675%27%20fill-opacity%3D%220%22%2F%3E%3C%2Fsvg%3E\" data-srcset=\"https:\/\/creations-interieures.com\/en\/wp-content\/uploads\/2023\/05\/commercial-200x113.jpg 200w, https:\/\/creations-interieures.com\/en\/wp-content\/uploads\/2023\/05\/commercial-400x225.jpg 400w, https:\/\/creations-interieures.com\/en\/wp-content\/uploads\/2023\/05\/commercial-600x338.jpg 600w, https:\/\/creations-interieures.com\/en\/wp-content\/uploads\/2023\/05\/commercial-800x450.jpg 800w, https:\/\/creations-interieures.com\/en\/wp-content\/uploads\/2023\/05\/commercial.jpg 1200w\" data-sizes=\"auto\" data-orig-sizes=\"(max-width: 640px) 100vw, 1200px\" \/><\/span><\/div><\/div><\/div><\/div><\/div><\/p>\n","protected":false},"excerpt":{"rendered":"","protected":false},"author":1,"featured_media":0,"parent":0,"menu_order":0,"comment_status":"closed","ping_status":"closed","template":"","meta":{"footnotes":""},"class_list":["post-524","page","type-page","status-publish","hentry"],"yoast_head":"<!-- This site is optimized with the Yoast SEO plugin v27.5 - https:\/\/yoast.com\/product\/yoast-seo-wordpress\/ -->\n<title>Commercial Design - Cr&eacute;ations Int&eacute;rieures - Marie-Pier Desjardins<\/title>\n<meta name=\"robots\" content=\"index, follow, max-snippet:-1, max-image-preview:large, max-video-preview:-1\" \/>\n<link rel=\"canonical\" href=\"https:\/\/creations-interieures.com\/en\/commercial-design\/\" \/>\n<meta property=\"og:locale\" content=\"fr_CA\" \/>\n<meta property=\"og:type\" content=\"article\" \/>\n<meta property=\"og:title\" content=\"Commercial Design - Cr&eacute;ations Int&eacute;rieures - Marie-Pier Desjardins\" \/>\n<meta property=\"og:url\" content=\"https:\/\/creations-interieures.com\/en\/commercial-design\/\" \/>\n<meta property=\"og:site_name\" content=\"Cr&eacute;ations Int&eacute;rieures - Marie-Pier Desjardins\" \/>\n<meta property=\"article:publisher\" content=\"https:\/\/www.facebook.com\/profile.php?id=100064656193393\" \/>\n<meta property=\"article:modified_time\" content=\"2024-08-27T04:42:46+00:00\" \/>\n<meta name=\"twitter:card\" content=\"summary_large_image\" \/>\n<meta name=\"twitter:label1\" content=\"Estimation du temps de lecture\" \/>\n\t<meta name=\"twitter:data1\" content=\"3 minutes\" \/>\n<script type=\"application\/ld+json\" class=\"yoast-schema-graph\">{\"@context\":\"https:\\\/\\\/schema.org\",\"@graph\":[{\"@type\":\"WebPage\",\"@id\":\"https:\\\/\\\/creations-interieures.com\\\/en\\\/commercial-design\\\/\",\"url\":\"https:\\\/\\\/creations-interieures.com\\\/en\\\/commercial-design\\\/\",\"name\":\"Commercial Design - Cr&eacute;ations Int&eacute;rieures - Marie-Pier Desjardins\",\"isPartOf\":{\"@id\":\"https:\\\/\\\/creations-interieures.com\\\/en\\\/#website\"},\"datePublished\":\"2023-04-25T21:57:43+00:00\",\"dateModified\":\"2024-08-27T04:42:46+00:00\",\"breadcrumb\":{\"@id\":\"https:\\\/\\\/creations-interieures.com\\\/en\\\/commercial-design\\\/#breadcrumb\"},\"inLanguage\":\"fr-CA\",\"potentialAction\":[{\"@type\":\"ReadAction\",\"target\":[\"https:\\\/\\\/creations-interieures.com\\\/en\\\/commercial-design\\\/\"]}]},{\"@type\":\"BreadcrumbList\",\"@id\":\"https:\\\/\\\/creations-interieures.com\\\/en\\\/commercial-design\\\/#breadcrumb\",\"itemListElement\":[{\"@type\":\"ListItem\",\"position\":1,\"name\":\"Accueil\",\"item\":\"https:\\\/\\\/creations-interieures.com\\\/en\\\/\"},{\"@type\":\"ListItem\",\"position\":2,\"name\":\"Commercial Design\"}]},{\"@type\":\"WebSite\",\"@id\":\"https:\\\/\\\/creations-interieures.com\\\/en\\\/#website\",\"url\":\"https:\\\/\\\/creations-interieures.com\\\/en\\\/\",\"name\":\"Marie-Pier Desjardins, Designer Int\u00e9rieur\",\"description\":\"Designer Int&eacute;rieur, conception, d&eacute;coration, relook\",\"publisher\":{\"@id\":\"https:\\\/\\\/creations-interieures.com\\\/en\\\/#organization\"},\"potentialAction\":[{\"@type\":\"SearchAction\",\"target\":{\"@type\":\"EntryPoint\",\"urlTemplate\":\"https:\\\/\\\/creations-interieures.com\\\/en\\\/?s={search_term_string}\"},\"query-input\":{\"@type\":\"PropertyValueSpecification\",\"valueRequired\":true,\"valueName\":\"search_term_string\"}}],\"inLanguage\":\"fr-CA\"},{\"@type\":\"Organization\",\"@id\":\"https:\\\/\\\/creations-interieures.com\\\/en\\\/#organization\",\"name\":\"Sp\u00e9cialis\u00e9 dans la conception et l'am\u00e9nagement d'espaces int\u00e9rieurs\",\"url\":\"https:\\\/\\\/creations-interieures.com\\\/en\\\/\",\"logo\":{\"@type\":\"ImageObject\",\"inLanguage\":\"fr-CA\",\"@id\":\"https:\\\/\\\/creations-interieures.com\\\/en\\\/#\\\/schema\\\/logo\\\/image\\\/\",\"url\":\"https:\\\/\\\/creations-interieures.com\\\/wp-content\\\/uploads\\\/2021\\\/12\\\/logo-ci-almond-chestnut-1.png\",\"contentUrl\":\"https:\\\/\\\/creations-interieures.com\\\/wp-content\\\/uploads\\\/2021\\\/12\\\/logo-ci-almond-chestnut-1.png\",\"width\":400,\"height\":343,\"caption\":\"Sp\u00e9cialis\u00e9 dans la conception et l'am\u00e9nagement d'espaces int\u00e9rieurs\"},\"image\":{\"@id\":\"https:\\\/\\\/creations-interieures.com\\\/en\\\/#\\\/schema\\\/logo\\\/image\\\/\"},\"sameAs\":[\"https:\\\/\\\/www.facebook.com\\\/profile.php?id=100064656193393\"]}]}<\/script>\n<!-- \/ Yoast SEO plugin. -->","yoast_head_json":{"title":"Commercial Design - Cr&eacute;ations Int&eacute;rieures - Marie-Pier Desjardins","robots":{"index":"index","follow":"follow","max-snippet":"max-snippet:-1","max-image-preview":"max-image-preview:large","max-video-preview":"max-video-preview:-1"},"canonical":"https:\/\/creations-interieures.com\/en\/commercial-design\/","og_locale":"fr_CA","og_type":"article","og_title":"Commercial Design - Cr&eacute;ations Int&eacute;rieures - Marie-Pier Desjardins","og_url":"https:\/\/creations-interieures.com\/en\/commercial-design\/","og_site_name":"Cr&eacute;ations Int&eacute;rieures - Marie-Pier Desjardins","article_publisher":"https:\/\/www.facebook.com\/profile.php?id=100064656193393","article_modified_time":"2024-08-27T04:42:46+00:00","twitter_card":"summary_large_image","twitter_misc":{"Estimation du temps de lecture":"3 minutes"},"schema":{"@context":"https:\/\/schema.org","@graph":[{"@type":"WebPage","@id":"https:\/\/creations-interieures.com\/en\/commercial-design\/","url":"https:\/\/creations-interieures.com\/en\/commercial-design\/","name":"Commercial Design - Cr&eacute;ations Int&eacute;rieures - Marie-Pier Desjardins","isPartOf":{"@id":"https:\/\/creations-interieures.com\/en\/#website"},"datePublished":"2023-04-25T21:57:43+00:00","dateModified":"2024-08-27T04:42:46+00:00","breadcrumb":{"@id":"https:\/\/creations-interieures.com\/en\/commercial-design\/#breadcrumb"},"inLanguage":"fr-CA","potentialAction":[{"@type":"ReadAction","target":["https:\/\/creations-interieures.com\/en\/commercial-design\/"]}]},{"@type":"BreadcrumbList","@id":"https:\/\/creations-interieures.com\/en\/commercial-design\/#breadcrumb","itemListElement":[{"@type":"ListItem","position":1,"name":"Accueil","item":"https:\/\/creations-interieures.com\/en\/"},{"@type":"ListItem","position":2,"name":"Commercial Design"}]},{"@type":"WebSite","@id":"https:\/\/creations-interieures.com\/en\/#website","url":"https:\/\/creations-interieures.com\/en\/","name":"Marie-Pier Desjardins, Designer Int\u00e9rieur","description":"Designer Int&eacute;rieur, conception, d&eacute;coration, relook","publisher":{"@id":"https:\/\/creations-interieures.com\/en\/#organization"},"potentialAction":[{"@type":"SearchAction","target":{"@type":"EntryPoint","urlTemplate":"https:\/\/creations-interieures.com\/en\/?s={search_term_string}"},"query-input":{"@type":"PropertyValueSpecification","valueRequired":true,"valueName":"search_term_string"}}],"inLanguage":"fr-CA"},{"@type":"Organization","@id":"https:\/\/creations-interieures.com\/en\/#organization","name":"Sp\u00e9cialis\u00e9 dans la conception et l'am\u00e9nagement d'espaces int\u00e9rieurs","url":"https:\/\/creations-interieures.com\/en\/","logo":{"@type":"ImageObject","inLanguage":"fr-CA","@id":"https:\/\/creations-interieures.com\/en\/#\/schema\/logo\/image\/","url":"https:\/\/creations-interieures.com\/wp-content\/uploads\/2021\/12\/logo-ci-almond-chestnut-1.png","contentUrl":"https:\/\/creations-interieures.com\/wp-content\/uploads\/2021\/12\/logo-ci-almond-chestnut-1.png","width":400,"height":343,"caption":"Sp\u00e9cialis\u00e9 dans la conception et l'am\u00e9nagement d'espaces int\u00e9rieurs"},"image":{"@id":"https:\/\/creations-interieures.com\/en\/#\/schema\/logo\/image\/"},"sameAs":["https:\/\/www.facebook.com\/profile.php?id=100064656193393"]}]}},"_links":{"self":[{"href":"https:\/\/creations-interieures.com\/en\/wp-json\/wp\/v2\/pages\/524","targetHints":{"allow":["GET"]}}],"collection":[{"href":"https:\/\/creations-interieures.com\/en\/wp-json\/wp\/v2\/pages"}],"about":[{"href":"https:\/\/creations-interieures.com\/en\/wp-json\/wp\/v2\/types\/page"}],"author":[{"embeddable":true,"href":"https:\/\/creations-interieures.com\/en\/wp-json\/wp\/v2\/users\/1"}],"replies":[{"embeddable":true,"href":"https:\/\/creations-interieures.com\/en\/wp-json\/wp\/v2\/comments?post=524"}],"version-history":[{"count":15,"href":"https:\/\/creations-interieures.com\/en\/wp-json\/wp\/v2\/pages\/524\/revisions"}],"predecessor-version":[{"id":1107,"href":"https:\/\/creations-interieures.com\/en\/wp-json\/wp\/v2\/pages\/524\/revisions\/1107"}],"wp:attachment":[{"href":"https:\/\/creations-interieures.com\/en\/wp-json\/wp\/v2\/media?parent=524"}],"curies":[{"name":"wp","href":"https:\/\/api.w.org\/{rel}","templated":true}]}}