{"id":766,"date":"2023-11-01T10:49:23","date_gmt":"2023-11-01T14:49:23","guid":{"rendered":"https:\/\/creations-interieures.com\/?page_id=766"},"modified":"2024-11-06T12:30:13","modified_gmt":"2024-11-06T17:30:13","slug":"contact","status":"publish","type":"page","link":"https:\/\/creations-interieures.com\/en\/contact\/","title":{"rendered":"Contact"},"content":{"rendered":"<p><div class=\"fusion-fullwidth fullwidth-box fusion-builder-row-1 fusion-flex-container has-pattern-background has-mask-background nonhundred-percent-fullwidth non-hundred-percent-height-scrolling\" style=\"--awb-border-radius-top-left:0px;--awb-border-radius-top-right:0px;--awb-border-radius-bottom-right:0px;--awb-border-radius-bottom-left:0px;--awb-flex-wrap:wrap;\" ><div class=\"fusion-builder-row fusion-row fusion-flex-align-items-flex-start fusion-flex-content-wrap\" style=\"max-width:1664px;margin-left: calc(-4% \/ 2 );margin-right: calc(-4% \/ 2 );\"><div class=\"fusion-layout-column fusion_builder_column fusion-builder-column-0 fusion_builder_column_1_1 1_1 fusion-flex-column\" style=\"--awb-bg-size:cover;--awb-width-large:100%;--awb-margin-top-large:0px;--awb-spacing-right-large:1.92%;--awb-margin-bottom-large:20px;--awb-spacing-left-large:1.92%;--awb-width-medium:100%;--awb-order-medium:0;--awb-spacing-right-medium:1.92%;--awb-spacing-left-medium:1.92%;--awb-width-small:100%;--awb-order-small:0;--awb-spacing-right-small:1.92%;--awb-spacing-left-small:1.92%;\"><div class=\"fusion-column-wrapper fusion-column-has-shadow fusion-flex-justify-content-flex-start fusion-content-layout-column\"><div class=\"fusion-text fusion-text-1\"><h1 style=\"text-align: center;\"><strong>Vous avez un projet en t\u00eate?<\/strong><\/h1>\n<p style=\"text-align: center;\"><strong>Contactez-nous!<\/strong><\/p>\n<p style=\"text-align: center;\">mp.desjardins@creations-interieures.com<\/p>\n<p style=\"text-align: center;\"><strong><a href=\"tel:514-971-2573\">514-971-2573<\/a><\/strong><\/p>\n<p style=\"text-align: center;\">123 Cur\u00e9-Labelle, Laval, H7L 2Z1<\/p>\n<\/div><div class=\"fusion-image-element \" style=\"text-align:center;--awb-caption-title-font-family:var(--h2_typography-font-family);--awb-caption-title-font-weight:var(--h2_typography-font-weight);--awb-caption-title-font-style:var(--h2_typography-font-style);--awb-caption-title-size:var(--h2_typography-font-size);--awb-caption-title-transform:var(--h2_typography-text-transform);--awb-caption-title-line-height:var(--h2_typography-line-height);--awb-caption-title-letter-spacing:var(--h2_typography-letter-spacing);\"><span class=\" fusion-imageframe imageframe-none imageframe-1 hover-type-none fusion-animated\" data-animationType=\"fadeInUp\" data-animationDuration=\"2.0\" data-animationDelay=\"1.9\" data-animationOffset=\"top-mid-of-view\"><img decoding=\"async\" width=\"819\" height=\"1024\" title=\"portraitMarie-PierDesjardinsB&#038;W&#8211;2\" src=\"data:image\/svg+xml,%3Csvg%20xmlns%3D%27http%3A%2F%2Fwww.w3.org%2F2000%2Fsvg%27%20width%3D%271219%27%20height%3D%271524%27%20viewBox%3D%270%200%201219%201524%27%3E%3Crect%20width%3D%271219%27%20height%3D%271524%27%20fill-opacity%3D%220%22%2F%3E%3C%2Fsvg%3E\" data-orig-src=\"https:\/\/creations-interieures.com\/wp-content\/uploads\/2023\/11\/portraitMarie-PierDesjardinsBW-2-819x1024.jpg\" alt class=\"lazyload img-responsive wp-image-768\"\/><\/span><\/div><\/div><\/div><\/div><\/div><div class=\"fusion-fullwidth fullwidth-box fusion-builder-row-2 fusion-flex-container has-pattern-background has-mask-background nonhundred-percent-fullwidth non-hundred-percent-height-scrolling\" style=\"--awb-border-radius-top-left:0px;--awb-border-radius-top-right:0px;--awb-border-radius-bottom-right:0px;--awb-border-radius-bottom-left:0px;--awb-flex-wrap:wrap;\" ><div class=\"fusion-builder-row fusion-row fusion-flex-align-items-flex-start fusion-flex-content-wrap\" style=\"max-width:1664px;margin-left: calc(-4% \/ 2 );margin-right: calc(-4% \/ 2 );\"><div class=\"fusion-layout-column fusion_builder_column fusion-builder-column-1 fusion_builder_column_1_1 1_1 fusion-flex-column\" style=\"--awb-bg-size:cover;--awb-width-large:100%;--awb-margin-top-large:0px;--awb-spacing-right-large:1.92%;--awb-margin-bottom-large:20px;--awb-spacing-left-large:1.92%;--awb-width-medium:100%;--awb-order-medium:0;--awb-spacing-right-medium:1.92%;--awb-spacing-left-medium:1.92%;--awb-width-small:100%;--awb-order-small:0;--awb-spacing-right-small:1.92%;--awb-spacing-left-small:1.92%;\"><div class=\"fusion-column-wrapper fusion-column-has-shadow fusion-flex-justify-content-flex-start fusion-content-layout-column\"><iframe aria-label='Formulaire de contact' frameborder=\"0\" style=\"height:800px;width:99%;border:none;\" src='https:\/\/forms.zohopublic.com\/crationsintrieures\/form\/Contactsiteweb\/formperma\/JDnhOW-Dtsr6QiA4jVlB9cyns83O5TvB1szk3_SJVWA'><\/iframe><\/div><\/div><\/div><\/div><\/p>\n","protected":false},"excerpt":{"rendered":"","protected":false},"author":2,"featured_media":0,"parent":0,"menu_order":7,"comment_status":"closed","ping_status":"closed","template":"","meta":{"footnotes":""},"class_list":["post-766","page","type-page","status-publish","hentry"],"yoast_head":"<!-- This site is optimized with the Yoast SEO plugin v27.4 - https:\/\/yoast.com\/product\/yoast-seo-wordpress\/ -->\n<title>Contact - Cr&eacute;ations Int&eacute;rieures - Marie-Pier Desjardins<\/title>\n<meta name=\"robots\" content=\"index, follow, max-snippet:-1, max-image-preview:large, max-video-preview:-1\" \/>\n<link rel=\"canonical\" href=\"https:\/\/creations-interieures.com\/en\/contact\/\" \/>\n<meta property=\"og:locale\" content=\"fr_CA\" \/>\n<meta property=\"og:type\" content=\"article\" \/>\n<meta property=\"og:title\" content=\"Contact - Cr&eacute;ations Int&eacute;rieures - Marie-Pier Desjardins\" \/>\n<meta property=\"og:url\" content=\"https:\/\/creations-interieures.com\/en\/contact\/\" \/>\n<meta property=\"og:site_name\" content=\"Cr&eacute;ations Int&eacute;rieures - Marie-Pier Desjardins\" \/>\n<meta property=\"article:publisher\" content=\"https:\/\/www.facebook.com\/profile.php?id=100064656193393\" \/>\n<meta property=\"article:modified_time\" content=\"2024-11-06T17:30:13+00:00\" \/>\n<meta name=\"twitter:card\" content=\"summary_large_image\" \/>\n<meta name=\"twitter:label1\" content=\"Estimation du temps de lecture\" \/>\n\t<meta name=\"twitter:data1\" content=\"1 minute\" \/>\n<script type=\"application\/ld+json\" class=\"yoast-schema-graph\">{\"@context\":\"https:\\\/\\\/schema.org\",\"@graph\":[{\"@type\":\"WebPage\",\"@id\":\"https:\\\/\\\/creations-interieures.com\\\/en\\\/contact\\\/\",\"url\":\"https:\\\/\\\/creations-interieures.com\\\/en\\\/contact\\\/\",\"name\":\"Contact - Cr&eacute;ations Int&eacute;rieures - Marie-Pier Desjardins\",\"isPartOf\":{\"@id\":\"https:\\\/\\\/creations-interieures.com\\\/en\\\/#website\"},\"datePublished\":\"2023-11-01T14:49:23+00:00\",\"dateModified\":\"2024-11-06T17:30:13+00:00\",\"breadcrumb\":{\"@id\":\"https:\\\/\\\/creations-interieures.com\\\/en\\\/contact\\\/#breadcrumb\"},\"inLanguage\":\"fr-CA\",\"potentialAction\":[{\"@type\":\"ReadAction\",\"target\":[\"https:\\\/\\\/creations-interieures.com\\\/en\\\/contact\\\/\"]}]},{\"@type\":\"BreadcrumbList\",\"@id\":\"https:\\\/\\\/creations-interieures.com\\\/en\\\/contact\\\/#breadcrumb\",\"itemListElement\":[{\"@type\":\"ListItem\",\"position\":1,\"name\":\"Accueil\",\"item\":\"https:\\\/\\\/creations-interieures.com\\\/en\\\/\"},{\"@type\":\"ListItem\",\"position\":2,\"name\":\"Contact\"}]},{\"@type\":\"WebSite\",\"@id\":\"https:\\\/\\\/creations-interieures.com\\\/en\\\/#website\",\"url\":\"https:\\\/\\\/creations-interieures.com\\\/en\\\/\",\"name\":\"Marie-Pier Desjardins, Designer Int\u00e9rieur\",\"description\":\"Designer Int&eacute;rieur, conception, d&eacute;coration, relook\",\"publisher\":{\"@id\":\"https:\\\/\\\/creations-interieures.com\\\/en\\\/#organization\"},\"potentialAction\":[{\"@type\":\"SearchAction\",\"target\":{\"@type\":\"EntryPoint\",\"urlTemplate\":\"https:\\\/\\\/creations-interieures.com\\\/en\\\/?s={search_term_string}\"},\"query-input\":{\"@type\":\"PropertyValueSpecification\",\"valueRequired\":true,\"valueName\":\"search_term_string\"}}],\"inLanguage\":\"fr-CA\"},{\"@type\":\"Organization\",\"@id\":\"https:\\\/\\\/creations-interieures.com\\\/en\\\/#organization\",\"name\":\"Sp\u00e9cialis\u00e9 dans la conception et l'am\u00e9nagement d'espaces int\u00e9rieurs\",\"url\":\"https:\\\/\\\/creations-interieures.com\\\/en\\\/\",\"logo\":{\"@type\":\"ImageObject\",\"inLanguage\":\"fr-CA\",\"@id\":\"https:\\\/\\\/creations-interieures.com\\\/en\\\/#\\\/schema\\\/logo\\\/image\\\/\",\"url\":\"https:\\\/\\\/creations-interieures.com\\\/wp-content\\\/uploads\\\/2021\\\/12\\\/logo-ci-almond-chestnut-1.png\",\"contentUrl\":\"https:\\\/\\\/creations-interieures.com\\\/wp-content\\\/uploads\\\/2021\\\/12\\\/logo-ci-almond-chestnut-1.png\",\"width\":400,\"height\":343,\"caption\":\"Sp\u00e9cialis\u00e9 dans la conception et l'am\u00e9nagement d'espaces int\u00e9rieurs\"},\"image\":{\"@id\":\"https:\\\/\\\/creations-interieures.com\\\/en\\\/#\\\/schema\\\/logo\\\/image\\\/\"},\"sameAs\":[\"https:\\\/\\\/www.facebook.com\\\/profile.php?id=100064656193393\"]}]}<\/script>\n<!-- \/ Yoast SEO plugin. -->","yoast_head_json":{"title":"Contact - Cr&eacute;ations Int&eacute;rieures - Marie-Pier Desjardins","robots":{"index":"index","follow":"follow","max-snippet":"max-snippet:-1","max-image-preview":"max-image-preview:large","max-video-preview":"max-video-preview:-1"},"canonical":"https:\/\/creations-interieures.com\/en\/contact\/","og_locale":"fr_CA","og_type":"article","og_title":"Contact - Cr&eacute;ations Int&eacute;rieures - Marie-Pier Desjardins","og_url":"https:\/\/creations-interieures.com\/en\/contact\/","og_site_name":"Cr&eacute;ations Int&eacute;rieures - Marie-Pier Desjardins","article_publisher":"https:\/\/www.facebook.com\/profile.php?id=100064656193393","article_modified_time":"2024-11-06T17:30:13+00:00","twitter_card":"summary_large_image","twitter_misc":{"Estimation du temps de lecture":"1 minute"},"schema":{"@context":"https:\/\/schema.org","@graph":[{"@type":"WebPage","@id":"https:\/\/creations-interieures.com\/en\/contact\/","url":"https:\/\/creations-interieures.com\/en\/contact\/","name":"Contact - Cr&eacute;ations Int&eacute;rieures - Marie-Pier Desjardins","isPartOf":{"@id":"https:\/\/creations-interieures.com\/en\/#website"},"datePublished":"2023-11-01T14:49:23+00:00","dateModified":"2024-11-06T17:30:13+00:00","breadcrumb":{"@id":"https:\/\/creations-interieures.com\/en\/contact\/#breadcrumb"},"inLanguage":"fr-CA","potentialAction":[{"@type":"ReadAction","target":["https:\/\/creations-interieures.com\/en\/contact\/"]}]},{"@type":"BreadcrumbList","@id":"https:\/\/creations-interieures.com\/en\/contact\/#breadcrumb","itemListElement":[{"@type":"ListItem","position":1,"name":"Accueil","item":"https:\/\/creations-interieures.com\/en\/"},{"@type":"ListItem","position":2,"name":"Contact"}]},{"@type":"WebSite","@id":"https:\/\/creations-interieures.com\/en\/#website","url":"https:\/\/creations-interieures.com\/en\/","name":"Marie-Pier Desjardins, Designer Int\u00e9rieur","description":"Designer Int&eacute;rieur, conception, d&eacute;coration, relook","publisher":{"@id":"https:\/\/creations-interieures.com\/en\/#organization"},"potentialAction":[{"@type":"SearchAction","target":{"@type":"EntryPoint","urlTemplate":"https:\/\/creations-interieures.com\/en\/?s={search_term_string}"},"query-input":{"@type":"PropertyValueSpecification","valueRequired":true,"valueName":"search_term_string"}}],"inLanguage":"fr-CA"},{"@type":"Organization","@id":"https:\/\/creations-interieures.com\/en\/#organization","name":"Sp\u00e9cialis\u00e9 dans la conception et l'am\u00e9nagement d'espaces int\u00e9rieurs","url":"https:\/\/creations-interieures.com\/en\/","logo":{"@type":"ImageObject","inLanguage":"fr-CA","@id":"https:\/\/creations-interieures.com\/en\/#\/schema\/logo\/image\/","url":"https:\/\/creations-interieures.com\/wp-content\/uploads\/2021\/12\/logo-ci-almond-chestnut-1.png","contentUrl":"https:\/\/creations-interieures.com\/wp-content\/uploads\/2021\/12\/logo-ci-almond-chestnut-1.png","width":400,"height":343,"caption":"Sp\u00e9cialis\u00e9 dans la conception et l'am\u00e9nagement d'espaces int\u00e9rieurs"},"image":{"@id":"https:\/\/creations-interieures.com\/en\/#\/schema\/logo\/image\/"},"sameAs":["https:\/\/www.facebook.com\/profile.php?id=100064656193393"]}]}},"_links":{"self":[{"href":"https:\/\/creations-interieures.com\/en\/wp-json\/wp\/v2\/pages\/766","targetHints":{"allow":["GET"]}}],"collection":[{"href":"https:\/\/creations-interieures.com\/en\/wp-json\/wp\/v2\/pages"}],"about":[{"href":"https:\/\/creations-interieures.com\/en\/wp-json\/wp\/v2\/types\/page"}],"author":[{"embeddable":true,"href":"https:\/\/creations-interieures.com\/en\/wp-json\/wp\/v2\/users\/2"}],"replies":[{"embeddable":true,"href":"https:\/\/creations-interieures.com\/en\/wp-json\/wp\/v2\/comments?post=766"}],"version-history":[{"count":13,"href":"https:\/\/creations-interieures.com\/en\/wp-json\/wp\/v2\/pages\/766\/revisions"}],"predecessor-version":[{"id":1145,"href":"https:\/\/creations-interieures.com\/en\/wp-json\/wp\/v2\/pages\/766\/revisions\/1145"}],"wp:attachment":[{"href":"https:\/\/creations-interieures.com\/en\/wp-json\/wp\/v2\/media?parent=766"}],"curies":[{"name":"wp","href":"https:\/\/api.w.org\/{rel}","templated":true}]}}